{"id":6856,"date":"2025-02-25T21:07:50","date_gmt":"2025-02-25T20:07:50","guid":{"rendered":"http:\/\/portalseis.com\/?page_id=6856"},"modified":"2026-01-14T12:34:07","modified_gmt":"2026-01-14T11:34:07","slug":"creadores-de-proyectos","status":"publish","type":"page","link":"https:\/\/portalseis.com\/index.php\/creadores-de-proyectos\/","title":{"rendered":"Creadores de proyectos"},"content":{"rendered":"\n<pre class=\"wp-block-verse has-text-align-center\"><strong>\u00bfNos tomamos un caf\u00e9?<\/strong><\/pre>\n\n\n\n<figure class=\"wp-block-image aligncenter size-large is-resized\"><img loading=\"lazy\" decoding=\"async\" width=\"1024\" height=\"1024\" src=\"http:\/\/portalseis.com\/wp-content\/uploads\/2025\/04\/portalSeis-cafe-coffee-creadores-de-proyectos-1024x1024.jpg\" alt=\"\" class=\"wp-image-7015\" style=\"width:240px;height:auto\" srcset=\"https:\/\/portalseis.com\/wp-content\/uploads\/2025\/04\/portalSeis-cafe-coffee-creadores-de-proyectos-1024x1024.jpg 1024w, https:\/\/portalseis.com\/wp-content\/uploads\/2025\/04\/portalSeis-cafe-coffee-creadores-de-proyectos-300x300.jpg 300w, https:\/\/portalseis.com\/wp-content\/uploads\/2025\/04\/portalSeis-cafe-coffee-creadores-de-proyectos-150x150.jpg 150w, https:\/\/portalseis.com\/wp-content\/uploads\/2025\/04\/portalSeis-cafe-coffee-creadores-de-proyectos-768x768.jpg 768w, https:\/\/portalseis.com\/wp-content\/uploads\/2025\/04\/portalSeis-cafe-coffee-creadores-de-proyectos.jpg 1200w\" sizes=\"auto, (max-width: 1024px) 100vw, 1024px\" \/><\/figure>\n\n\n\n<p class=\"has-text-align-left\">Despu\u00e9s de <strong>8 a\u00f1os valorando la ilusi\u00f3n y el talento<\/strong> de m\u00e1s de 200 profesionales con los que hemos compartido tiempo, espacio y aprendizaje, es momento de ampliar horizontes.<br><br>Para esta <strong><strong>nueva etapa<\/strong><\/strong> hemos creado una atm\u00f3sfera inspiradora a la que te invitamos a entrar. Nos sentaremos con un buen caf\u00e9 a escuchar tus proyectos e ideas, y juntos descubriremos c\u00f3mo podemos acompa\u00f1arte en el proceso de darles forma y hacerlos realidad. Una realidad que supere lo que ten\u00edas pensado.<br><br>Empujados por nuestra creencia firme en que la belleza es fundamental para todo, que disfrutar del proceso es obligatorio, y que la ejecuci\u00f3n debe ser impecable, trazaremos la ruta y marcaremos en el mapa a los profesionales que necesitaremos y con los que ya contamos, para que nos acompa\u00f1en en este viaje aportando toda su <strong><strong>experiencia y saber hacer.<\/strong><\/strong><br><br>Todo esto, de la forma m\u00e1s cercana y generosa en <strong><strong>asesoramiento, gu\u00eda y apoyo<\/strong><\/strong>. Porque de lo que necesitamos <strong><strong>para sentirnos respaldados y ser valientes con nuestras ideas<\/strong><\/strong> tambi\u00e9n sabemos mucho.<\/p>\n\n\n\n<p class=\"has-text-align-left\">\u00a0\u00a0\u00a0\u00a0\u00a0\u00a0\u00a0\u00a0\u00a0\u00a0\u00a0 <strong>\u00bfQuieres desarrollar un proyecto cultural, arquitect\u00f3nico, editorial, creativo, empresarial, influyente, ilustrado&#8230; y no sabes por d\u00f3nde empezar? <\/strong><\/p>\n\n\n\n<p class=\"has-text-align-left\">&nbsp;&nbsp;&nbsp;&nbsp;&nbsp;&nbsp;&nbsp;&nbsp;&nbsp;&nbsp;&nbsp; En&nbsp;<strong><em>portalSeis<\/em><\/strong>&nbsp;<strong>te acompa\u00f1amos y asesoramos en el proceso de hacerlo posible, con el apoyo de personas tan incre\u00edbles como t\u00fa, en un contexto flexible, de confianza y cari\u00f1o incalculables. <\/strong><\/p>\n\n\n\n<pre class=\"wp-block-verse has-text-align-center\"><strong>Ser\u00e1 un placer trabajar en tu pr\u00f3ximo proyecto.<\/strong><br><strong>\u00bfNos tomamos un caf\u00e9 y nos lo cuentas?<\/strong><\/pre>\n\n\n\n<figure class=\"wp-block-image aligncenter size-full is-resized\"><img loading=\"lazy\" decoding=\"async\" width=\"800\" height=\"749\" src=\"http:\/\/portalseis.com\/wp-content\/uploads\/2025\/04\/portalSeis-cafe-coffee-creadores-de-proyectos-.png\" alt=\"\" class=\"wp-image-7017\" style=\"width:280px;height:auto\" srcset=\"https:\/\/portalseis.com\/wp-content\/uploads\/2025\/04\/portalSeis-cafe-coffee-creadores-de-proyectos-.png 800w, https:\/\/portalseis.com\/wp-content\/uploads\/2025\/04\/portalSeis-cafe-coffee-creadores-de-proyectos--300x281.png 300w, https:\/\/portalseis.com\/wp-content\/uploads\/2025\/04\/portalSeis-cafe-coffee-creadores-de-proyectos--768x719.png 768w\" sizes=\"auto, (max-width: 800px) 100vw, 800px\" \/><\/figure>\n\n\n\n<p><\/p>\n","protected":false},"excerpt":{"rendered":"<p>\u00bfNos tomamos un caf\u00e9? Despu\u00e9s de 8 a\u00f1os valorando la ilusi\u00f3n y el talento de m\u00e1s de 200 profesionales con los que hemos compartido tiempo, espacio y aprendizaje, es momento de ampliar horizontes. Para esta nueva etapa hemos creado una atm\u00f3sfera inspiradora a la que te invitamos a entrar. Nos sentaremos con un buen caf\u00e9 [&hellip;]<\/p>\n","protected":false},"author":1,"featured_media":0,"parent":0,"menu_order":0,"comment_status":"closed","ping_status":"closed","template":"","meta":{"footnotes":""},"class_list":["post-6856","page","type-page","status-publish","hentry"],"yoast_head":"<!-- This site is optimized with the Yoast SEO plugin v18.0 - https:\/\/yoast.com\/wordpress\/plugins\/seo\/ -->\n<meta name=\"robots\" content=\"index, follow, max-snippet:-1, max-image-preview:large, max-video-preview:-1\" \/>\n<link rel=\"canonical\" href=\"https:\/\/portalseis.com\/index.php\/creadores-de-proyectos\/\" \/>\n<meta property=\"og:locale\" content=\"es_ES\" \/>\n<meta property=\"og:type\" content=\"article\" \/>\n<meta property=\"og:title\" content=\"Creadores de proyectos - portalSeis.Co\" \/>\n<meta property=\"og:description\" content=\"\u00bfNos tomamos un caf\u00e9? Despu\u00e9s de 8 a\u00f1os valorando la ilusi\u00f3n y el talento de m\u00e1s de 200 profesionales con los que hemos compartido tiempo, espacio y aprendizaje, es momento de ampliar horizontes. Para esta nueva etapa hemos creado una atm\u00f3sfera inspiradora a la que te invitamos a entrar. Nos sentaremos con un buen caf\u00e9 [&hellip;]\" \/>\n<meta property=\"og:url\" content=\"https:\/\/portalseis.com\/index.php\/creadores-de-proyectos\/\" \/>\n<meta property=\"og:site_name\" content=\"portalSeis.Co\" \/>\n<meta property=\"article:publisher\" content=\"https:\/\/www.facebook.com\/portalSeisCoworking\/\" \/>\n<meta property=\"article:modified_time\" content=\"2026-01-14T11:34:07+00:00\" \/>\n<meta property=\"og:image\" content=\"http:\/\/portalseis.com\/wp-content\/uploads\/2025\/04\/portalSeis-cafe-coffee-creadores-de-proyectos-1024x1024.jpg\" \/>\n<meta name=\"twitter:card\" content=\"summary\" \/>\n<meta name=\"twitter:label1\" content=\"Tiempo de lectura\" \/>\n\t<meta name=\"twitter:data1\" content=\"1 minuto\" \/>\n<script type=\"application\/ld+json\" class=\"yoast-schema-graph\">{\"@context\":\"https:\/\/schema.org\",\"@graph\":[{\"@type\":\"Organization\",\"@id\":\"https:\/\/portalseis.com\/#organization\",\"name\":\"portaseis coworking alicante\",\"url\":\"https:\/\/portalseis.com\/\",\"sameAs\":[\"https:\/\/www.facebook.com\/portalSeisCoworking\/\",\"https:\/\/www.instagram.com\/portalSeisCoworking\/\"],\"logo\":{\"@type\":\"ImageObject\",\"@id\":\"https:\/\/portalseis.com\/#logo\",\"inLanguage\":\"es\",\"url\":\"http:\/\/portalseis.com\/wp-content\/uploads\/2017\/10\/LOGO_para-perfil.jpg\",\"contentUrl\":\"http:\/\/portalseis.com\/wp-content\/uploads\/2017\/10\/LOGO_para-perfil.jpg\",\"width\":650,\"height\":650,\"caption\":\"portaseis coworking alicante\"},\"image\":{\"@id\":\"https:\/\/portalseis.com\/#logo\"}},{\"@type\":\"WebSite\",\"@id\":\"https:\/\/portalseis.com\/#website\",\"url\":\"https:\/\/portalseis.com\/\",\"name\":\"portalSeis.Co\",\"description\":\"Creadores de proyectos \u00b7 Inspiring minds\",\"publisher\":{\"@id\":\"https:\/\/portalseis.com\/#organization\"},\"potentialAction\":[{\"@type\":\"SearchAction\",\"target\":{\"@type\":\"EntryPoint\",\"urlTemplate\":\"https:\/\/portalseis.com\/?s={search_term_string}\"},\"query-input\":\"required name=search_term_string\"}],\"inLanguage\":\"es\"},{\"@type\":\"ImageObject\",\"@id\":\"https:\/\/portalseis.com\/index.php\/creadores-de-proyectos\/#primaryimage\",\"inLanguage\":\"es\",\"url\":\"http:\/\/portalseis.com\/wp-content\/uploads\/2025\/04\/portalSeis-cafe-coffee-creadores-de-proyectos-1024x1024.jpg\",\"contentUrl\":\"http:\/\/portalseis.com\/wp-content\/uploads\/2025\/04\/portalSeis-cafe-coffee-creadores-de-proyectos-1024x1024.jpg\"},{\"@type\":\"WebPage\",\"@id\":\"https:\/\/portalseis.com\/index.php\/creadores-de-proyectos\/#webpage\",\"url\":\"https:\/\/portalseis.com\/index.php\/creadores-de-proyectos\/\",\"name\":\"Creadores de proyectos - portalSeis.Co\",\"isPartOf\":{\"@id\":\"https:\/\/portalseis.com\/#website\"},\"primaryImageOfPage\":{\"@id\":\"https:\/\/portalseis.com\/index.php\/creadores-de-proyectos\/#primaryimage\"},\"datePublished\":\"2025-02-25T20:07:50+00:00\",\"dateModified\":\"2026-01-14T11:34:07+00:00\",\"breadcrumb\":{\"@id\":\"https:\/\/portalseis.com\/index.php\/creadores-de-proyectos\/#breadcrumb\"},\"inLanguage\":\"es\",\"potentialAction\":[{\"@type\":\"ReadAction\",\"target\":[\"https:\/\/portalseis.com\/index.php\/creadores-de-proyectos\/\"]}]},{\"@type\":\"BreadcrumbList\",\"@id\":\"https:\/\/portalseis.com\/index.php\/creadores-de-proyectos\/#breadcrumb\",\"itemListElement\":[{\"@type\":\"ListItem\",\"position\":1,\"name\":\"Portada\",\"item\":\"https:\/\/portalseis.com\/\"},{\"@type\":\"ListItem\",\"position\":2,\"name\":\"Creadores de proyectos\"}]}]}<\/script>\n<!-- \/ Yoast SEO plugin. -->","yoast_head_json":{"robots":{"index":"index","follow":"follow","max-snippet":"max-snippet:-1","max-image-preview":"max-image-preview:large","max-video-preview":"max-video-preview:-1"},"canonical":"https:\/\/portalseis.com\/index.php\/creadores-de-proyectos\/","og_locale":"es_ES","og_type":"article","og_title":"Creadores de proyectos - portalSeis.Co","og_description":"\u00bfNos tomamos un caf\u00e9? Despu\u00e9s de 8 a\u00f1os valorando la ilusi\u00f3n y el talento de m\u00e1s de 200 profesionales con los que hemos compartido tiempo, espacio y aprendizaje, es momento de ampliar horizontes. Para esta nueva etapa hemos creado una atm\u00f3sfera inspiradora a la que te invitamos a entrar. Nos sentaremos con un buen caf\u00e9 [&hellip;]","og_url":"https:\/\/portalseis.com\/index.php\/creadores-de-proyectos\/","og_site_name":"portalSeis.Co","article_publisher":"https:\/\/www.facebook.com\/portalSeisCoworking\/","article_modified_time":"2026-01-14T11:34:07+00:00","og_image":[{"url":"http:\/\/portalseis.com\/wp-content\/uploads\/2025\/04\/portalSeis-cafe-coffee-creadores-de-proyectos-1024x1024.jpg"}],"twitter_card":"summary","twitter_misc":{"Tiempo de lectura":"1 minuto"},"schema":{"@context":"https:\/\/schema.org","@graph":[{"@type":"Organization","@id":"https:\/\/portalseis.com\/#organization","name":"portaseis coworking alicante","url":"https:\/\/portalseis.com\/","sameAs":["https:\/\/www.facebook.com\/portalSeisCoworking\/","https:\/\/www.instagram.com\/portalSeisCoworking\/"],"logo":{"@type":"ImageObject","@id":"https:\/\/portalseis.com\/#logo","inLanguage":"es","url":"http:\/\/portalseis.com\/wp-content\/uploads\/2017\/10\/LOGO_para-perfil.jpg","contentUrl":"http:\/\/portalseis.com\/wp-content\/uploads\/2017\/10\/LOGO_para-perfil.jpg","width":650,"height":650,"caption":"portaseis coworking alicante"},"image":{"@id":"https:\/\/portalseis.com\/#logo"}},{"@type":"WebSite","@id":"https:\/\/portalseis.com\/#website","url":"https:\/\/portalseis.com\/","name":"portalSeis.Co","description":"Creadores de proyectos \u00b7 Inspiring minds","publisher":{"@id":"https:\/\/portalseis.com\/#organization"},"potentialAction":[{"@type":"SearchAction","target":{"@type":"EntryPoint","urlTemplate":"https:\/\/portalseis.com\/?s={search_term_string}"},"query-input":"required name=search_term_string"}],"inLanguage":"es"},{"@type":"ImageObject","@id":"https:\/\/portalseis.com\/index.php\/creadores-de-proyectos\/#primaryimage","inLanguage":"es","url":"http:\/\/portalseis.com\/wp-content\/uploads\/2025\/04\/portalSeis-cafe-coffee-creadores-de-proyectos-1024x1024.jpg","contentUrl":"http:\/\/portalseis.com\/wp-content\/uploads\/2025\/04\/portalSeis-cafe-coffee-creadores-de-proyectos-1024x1024.jpg"},{"@type":"WebPage","@id":"https:\/\/portalseis.com\/index.php\/creadores-de-proyectos\/#webpage","url":"https:\/\/portalseis.com\/index.php\/creadores-de-proyectos\/","name":"Creadores de proyectos - portalSeis.Co","isPartOf":{"@id":"https:\/\/portalseis.com\/#website"},"primaryImageOfPage":{"@id":"https:\/\/portalseis.com\/index.php\/creadores-de-proyectos\/#primaryimage"},"datePublished":"2025-02-25T20:07:50+00:00","dateModified":"2026-01-14T11:34:07+00:00","breadcrumb":{"@id":"https:\/\/portalseis.com\/index.php\/creadores-de-proyectos\/#breadcrumb"},"inLanguage":"es","potentialAction":[{"@type":"ReadAction","target":["https:\/\/portalseis.com\/index.php\/creadores-de-proyectos\/"]}]},{"@type":"BreadcrumbList","@id":"https:\/\/portalseis.com\/index.php\/creadores-de-proyectos\/#breadcrumb","itemListElement":[{"@type":"ListItem","position":1,"name":"Portada","item":"https:\/\/portalseis.com\/"},{"@type":"ListItem","position":2,"name":"Creadores de proyectos"}]}]}},"_links":{"self":[{"href":"https:\/\/portalseis.com\/index.php\/wp-json\/wp\/v2\/pages\/6856","targetHints":{"allow":["GET"]}}],"collection":[{"href":"https:\/\/portalseis.com\/index.php\/wp-json\/wp\/v2\/pages"}],"about":[{"href":"https:\/\/portalseis.com\/index.php\/wp-json\/wp\/v2\/types\/page"}],"author":[{"embeddable":true,"href":"https:\/\/portalseis.com\/index.php\/wp-json\/wp\/v2\/users\/1"}],"replies":[{"embeddable":true,"href":"https:\/\/portalseis.com\/index.php\/wp-json\/wp\/v2\/comments?post=6856"}],"version-history":[{"count":22,"href":"https:\/\/portalseis.com\/index.php\/wp-json\/wp\/v2\/pages\/6856\/revisions"}],"predecessor-version":[{"id":7119,"href":"https:\/\/portalseis.com\/index.php\/wp-json\/wp\/v2\/pages\/6856\/revisions\/7119"}],"wp:attachment":[{"href":"https:\/\/portalseis.com\/index.php\/wp-json\/wp\/v2\/media?parent=6856"}],"curies":[{"name":"wp","href":"https:\/\/api.w.org\/{rel}","templated":true}]}}