{"id":6861,"date":"2025-02-25T21:13:51","date_gmt":"2025-02-25T20:13:51","guid":{"rendered":"http:\/\/portalseis.com\/?page_id=6861"},"modified":"2025-04-01T12:18:33","modified_gmt":"2025-04-01T10:18:33","slug":"contacto-2","status":"publish","type":"page","link":"https:\/\/portalseis.com\/index.php\/contacto-2\/","title":{"rendered":"Contacto"},"content":{"rendered":"\n<h2 class=\"wp-block-heading\"><strong>\u00bfQuieres desarrollar un proyecto creativo, literario, musical, arquitect\u00f3nico, empresarial,&nbsp; influyente, ilustrado&#8230; o tienes en mente el lanzamiento de un nuevo producto, o la creaci\u00f3n de una presentaci\u00f3n o un evento y no sabes por d\u00f3nde empezar?<\/strong><\/h2>\n\n\n\n<pre class=\"wp-block-verse\">&nbsp;&nbsp;&nbsp;&nbsp;&nbsp;&nbsp;&nbsp;&nbsp;&nbsp;&nbsp;&nbsp; En <em>portalSeis<\/em> te acompa\u00f1amos en el proceso de hacerlo posible, con el apoyo de profesionales tan incre\u00edbles como t\u00fa.<\/pre>\n\n\n\n<h2 class=\"wp-block-heading has-text-align-center\">info@portalseis.com<\/h2>\n\n\n\n<figure class=\"wp-block-image aligncenter size-full is-resized\"><img loading=\"lazy\" decoding=\"async\" width=\"800\" height=\"721\" src=\"http:\/\/portalseis.com\/wp-content\/uploads\/2025\/04\/portalSeis-libro-.png\" alt=\"\" class=\"wp-image-7059\" style=\"width:314px;height:auto\" srcset=\"https:\/\/portalseis.com\/wp-content\/uploads\/2025\/04\/portalSeis-libro-.png 800w, https:\/\/portalseis.com\/wp-content\/uploads\/2025\/04\/portalSeis-libro--300x270.png 300w, https:\/\/portalseis.com\/wp-content\/uploads\/2025\/04\/portalSeis-libro--768x692.png 768w\" sizes=\"auto, (max-width: 800px) 100vw, 800px\" \/><\/figure>\n","protected":false},"excerpt":{"rendered":"<p>\u00bfQuieres desarrollar un proyecto creativo, literario, musical, arquitect\u00f3nico, empresarial,&nbsp; influyente, ilustrado&#8230; o tienes en mente el lanzamiento de un nuevo producto, o la creaci\u00f3n de una presentaci\u00f3n o un evento y no sabes por d\u00f3nde empezar? &nbsp;&nbsp;&nbsp;&nbsp;&nbsp;&nbsp;&nbsp;&nbsp;&nbsp;&nbsp;&nbsp; En portalSeis te acompa\u00f1amos en el proceso de hacerlo posible, con el apoyo de profesionales tan incre\u00edbles como [&hellip;]<\/p>\n","protected":false},"author":1,"featured_media":0,"parent":0,"menu_order":0,"comment_status":"closed","ping_status":"closed","template":"","meta":{"footnotes":""},"class_list":["post-6861","page","type-page","status-publish","hentry"],"yoast_head":"<!-- This site is optimized with the Yoast SEO plugin v18.0 - https:\/\/yoast.com\/wordpress\/plugins\/seo\/ -->\n<meta name=\"robots\" content=\"index, follow, max-snippet:-1, max-image-preview:large, max-video-preview:-1\" \/>\n<link rel=\"canonical\" href=\"http:\/\/portalseis.com\/index.php\/contacto-2\/\" \/>\n<meta property=\"og:locale\" content=\"es_ES\" \/>\n<meta property=\"og:type\" content=\"article\" \/>\n<meta property=\"og:title\" content=\"Contacto - portalSeis.Co\" \/>\n<meta property=\"og:description\" content=\"\u00bfQuieres desarrollar un proyecto creativo, literario, musical, arquitect\u00f3nico, empresarial,&nbsp; influyente, ilustrado&#8230; o tienes en mente el lanzamiento de un nuevo producto, o la creaci\u00f3n de una presentaci\u00f3n o un evento y no sabes por d\u00f3nde empezar? &nbsp;&nbsp;&nbsp;&nbsp;&nbsp;&nbsp;&nbsp;&nbsp;&nbsp;&nbsp;&nbsp; En portalSeis te acompa\u00f1amos en el proceso de hacerlo posible, con el apoyo de profesionales tan incre\u00edbles como [&hellip;]\" \/>\n<meta property=\"og:url\" content=\"http:\/\/portalseis.com\/index.php\/contacto-2\/\" \/>\n<meta property=\"og:site_name\" content=\"portalSeis.Co\" \/>\n<meta property=\"article:publisher\" content=\"https:\/\/www.facebook.com\/portalSeisCoworking\/\" \/>\n<meta property=\"article:modified_time\" content=\"2025-04-01T10:18:33+00:00\" \/>\n<meta property=\"og:image\" content=\"http:\/\/portalseis.com\/wp-content\/uploads\/2025\/04\/portalSeis-libro-.png\" \/>\n<meta name=\"twitter:card\" content=\"summary\" \/>\n<script type=\"application\/ld+json\" class=\"yoast-schema-graph\">{\"@context\":\"https:\/\/schema.org\",\"@graph\":[{\"@type\":\"Organization\",\"@id\":\"https:\/\/portalseis.com\/#organization\",\"name\":\"portaseis coworking alicante\",\"url\":\"https:\/\/portalseis.com\/\",\"sameAs\":[\"https:\/\/www.facebook.com\/portalSeisCoworking\/\",\"https:\/\/www.instagram.com\/portalSeisCoworking\/\"],\"logo\":{\"@type\":\"ImageObject\",\"@id\":\"https:\/\/portalseis.com\/#logo\",\"inLanguage\":\"es\",\"url\":\"http:\/\/portalseis.com\/wp-content\/uploads\/2017\/10\/LOGO_para-perfil.jpg\",\"contentUrl\":\"http:\/\/portalseis.com\/wp-content\/uploads\/2017\/10\/LOGO_para-perfil.jpg\",\"width\":650,\"height\":650,\"caption\":\"portaseis coworking alicante\"},\"image\":{\"@id\":\"https:\/\/portalseis.com\/#logo\"}},{\"@type\":\"WebSite\",\"@id\":\"https:\/\/portalseis.com\/#website\",\"url\":\"https:\/\/portalseis.com\/\",\"name\":\"portalSeis.Co\",\"description\":\"Creadores de proyectos \u00b7 Inspiring minds\",\"publisher\":{\"@id\":\"https:\/\/portalseis.com\/#organization\"},\"potentialAction\":[{\"@type\":\"SearchAction\",\"target\":{\"@type\":\"EntryPoint\",\"urlTemplate\":\"https:\/\/portalseis.com\/?s={search_term_string}\"},\"query-input\":\"required name=search_term_string\"}],\"inLanguage\":\"es\"},{\"@type\":\"ImageObject\",\"@id\":\"http:\/\/portalseis.com\/index.php\/contacto-2\/#primaryimage\",\"inLanguage\":\"es\",\"url\":\"http:\/\/portalseis.com\/wp-content\/uploads\/2025\/04\/portalSeis-libro-.png\",\"contentUrl\":\"http:\/\/portalseis.com\/wp-content\/uploads\/2025\/04\/portalSeis-libro-.png\"},{\"@type\":\"WebPage\",\"@id\":\"http:\/\/portalseis.com\/index.php\/contacto-2\/#webpage\",\"url\":\"http:\/\/portalseis.com\/index.php\/contacto-2\/\",\"name\":\"Contacto - portalSeis.Co\",\"isPartOf\":{\"@id\":\"https:\/\/portalseis.com\/#website\"},\"primaryImageOfPage\":{\"@id\":\"http:\/\/portalseis.com\/index.php\/contacto-2\/#primaryimage\"},\"datePublished\":\"2025-02-25T20:13:51+00:00\",\"dateModified\":\"2025-04-01T10:18:33+00:00\",\"breadcrumb\":{\"@id\":\"http:\/\/portalseis.com\/index.php\/contacto-2\/#breadcrumb\"},\"inLanguage\":\"es\",\"potentialAction\":[{\"@type\":\"ReadAction\",\"target\":[\"http:\/\/portalseis.com\/index.php\/contacto-2\/\"]}]},{\"@type\":\"BreadcrumbList\",\"@id\":\"http:\/\/portalseis.com\/index.php\/contacto-2\/#breadcrumb\",\"itemListElement\":[{\"@type\":\"ListItem\",\"position\":1,\"name\":\"Portada\",\"item\":\"https:\/\/portalseis.com\/\"},{\"@type\":\"ListItem\",\"position\":2,\"name\":\"Contacto\"}]}]}<\/script>\n<!-- \/ Yoast SEO plugin. -->","yoast_head_json":{"robots":{"index":"index","follow":"follow","max-snippet":"max-snippet:-1","max-image-preview":"max-image-preview:large","max-video-preview":"max-video-preview:-1"},"canonical":"http:\/\/portalseis.com\/index.php\/contacto-2\/","og_locale":"es_ES","og_type":"article","og_title":"Contacto - portalSeis.Co","og_description":"\u00bfQuieres desarrollar un proyecto creativo, literario, musical, arquitect\u00f3nico, empresarial,&nbsp; influyente, ilustrado&#8230; o tienes en mente el lanzamiento de un nuevo producto, o la creaci\u00f3n de una presentaci\u00f3n o un evento y no sabes por d\u00f3nde empezar? &nbsp;&nbsp;&nbsp;&nbsp;&nbsp;&nbsp;&nbsp;&nbsp;&nbsp;&nbsp;&nbsp; En portalSeis te acompa\u00f1amos en el proceso de hacerlo posible, con el apoyo de profesionales tan incre\u00edbles como [&hellip;]","og_url":"http:\/\/portalseis.com\/index.php\/contacto-2\/","og_site_name":"portalSeis.Co","article_publisher":"https:\/\/www.facebook.com\/portalSeisCoworking\/","article_modified_time":"2025-04-01T10:18:33+00:00","og_image":[{"url":"http:\/\/portalseis.com\/wp-content\/uploads\/2025\/04\/portalSeis-libro-.png"}],"twitter_card":"summary","schema":{"@context":"https:\/\/schema.org","@graph":[{"@type":"Organization","@id":"https:\/\/portalseis.com\/#organization","name":"portaseis coworking alicante","url":"https:\/\/portalseis.com\/","sameAs":["https:\/\/www.facebook.com\/portalSeisCoworking\/","https:\/\/www.instagram.com\/portalSeisCoworking\/"],"logo":{"@type":"ImageObject","@id":"https:\/\/portalseis.com\/#logo","inLanguage":"es","url":"http:\/\/portalseis.com\/wp-content\/uploads\/2017\/10\/LOGO_para-perfil.jpg","contentUrl":"http:\/\/portalseis.com\/wp-content\/uploads\/2017\/10\/LOGO_para-perfil.jpg","width":650,"height":650,"caption":"portaseis coworking alicante"},"image":{"@id":"https:\/\/portalseis.com\/#logo"}},{"@type":"WebSite","@id":"https:\/\/portalseis.com\/#website","url":"https:\/\/portalseis.com\/","name":"portalSeis.Co","description":"Creadores de proyectos \u00b7 Inspiring minds","publisher":{"@id":"https:\/\/portalseis.com\/#organization"},"potentialAction":[{"@type":"SearchAction","target":{"@type":"EntryPoint","urlTemplate":"https:\/\/portalseis.com\/?s={search_term_string}"},"query-input":"required name=search_term_string"}],"inLanguage":"es"},{"@type":"ImageObject","@id":"http:\/\/portalseis.com\/index.php\/contacto-2\/#primaryimage","inLanguage":"es","url":"http:\/\/portalseis.com\/wp-content\/uploads\/2025\/04\/portalSeis-libro-.png","contentUrl":"http:\/\/portalseis.com\/wp-content\/uploads\/2025\/04\/portalSeis-libro-.png"},{"@type":"WebPage","@id":"http:\/\/portalseis.com\/index.php\/contacto-2\/#webpage","url":"http:\/\/portalseis.com\/index.php\/contacto-2\/","name":"Contacto - portalSeis.Co","isPartOf":{"@id":"https:\/\/portalseis.com\/#website"},"primaryImageOfPage":{"@id":"http:\/\/portalseis.com\/index.php\/contacto-2\/#primaryimage"},"datePublished":"2025-02-25T20:13:51+00:00","dateModified":"2025-04-01T10:18:33+00:00","breadcrumb":{"@id":"http:\/\/portalseis.com\/index.php\/contacto-2\/#breadcrumb"},"inLanguage":"es","potentialAction":[{"@type":"ReadAction","target":["http:\/\/portalseis.com\/index.php\/contacto-2\/"]}]},{"@type":"BreadcrumbList","@id":"http:\/\/portalseis.com\/index.php\/contacto-2\/#breadcrumb","itemListElement":[{"@type":"ListItem","position":1,"name":"Portada","item":"https:\/\/portalseis.com\/"},{"@type":"ListItem","position":2,"name":"Contacto"}]}]}},"_links":{"self":[{"href":"https:\/\/portalseis.com\/index.php\/wp-json\/wp\/v2\/pages\/6861","targetHints":{"allow":["GET"]}}],"collection":[{"href":"https:\/\/portalseis.com\/index.php\/wp-json\/wp\/v2\/pages"}],"about":[{"href":"https:\/\/portalseis.com\/index.php\/wp-json\/wp\/v2\/types\/page"}],"author":[{"embeddable":true,"href":"https:\/\/portalseis.com\/index.php\/wp-json\/wp\/v2\/users\/1"}],"replies":[{"embeddable":true,"href":"https:\/\/portalseis.com\/index.php\/wp-json\/wp\/v2\/comments?post=6861"}],"version-history":[{"count":5,"href":"https:\/\/portalseis.com\/index.php\/wp-json\/wp\/v2\/pages\/6861\/revisions"}],"predecessor-version":[{"id":7113,"href":"https:\/\/portalseis.com\/index.php\/wp-json\/wp\/v2\/pages\/6861\/revisions\/7113"}],"wp:attachment":[{"href":"https:\/\/portalseis.com\/index.php\/wp-json\/wp\/v2\/media?parent=6861"}],"curies":[{"name":"wp","href":"https:\/\/api.w.org\/{rel}","templated":true}]}}