{"id":6929,"date":"2025-03-31T20:58:51","date_gmt":"2025-03-31T18:58:51","guid":{"rendered":"http:\/\/portalseis.com\/?page_id=6929"},"modified":"2025-08-19T09:35:51","modified_gmt":"2025-08-19T07:35:51","slug":"cenas-adivina","status":"publish","type":"page","link":"https:\/\/portalseis.com\/index.php\/cenas-adivina\/","title":{"rendered":"Cenas Adivina"},"content":{"rendered":"\n<p>Colaboraci\u00f3n con <a href=\"https:\/\/cenasadivina.com\/\">Cenas Adivina<\/a> para <a href=\"https:\/\/www.germainedecapuccini.com\/\">Germaine de Capuccini<\/a>.<\/p>\n\n\n\n<figure class=\"wp-block-image aligncenter size-large\"><img loading=\"lazy\" decoding=\"async\" width=\"1024\" height=\"683\" src=\"http:\/\/portalseis.com\/wp-content\/uploads\/2025\/03\/0027-CenasAdivina-Alicante-1-1024x683.jpg\" alt=\"\" class=\"wp-image-6934\" srcset=\"https:\/\/portalseis.com\/wp-content\/uploads\/2025\/03\/0027-CenasAdivina-Alicante-1-1024x683.jpg 1024w, https:\/\/portalseis.com\/wp-content\/uploads\/2025\/03\/0027-CenasAdivina-Alicante-1-300x200.jpg 300w, https:\/\/portalseis.com\/wp-content\/uploads\/2025\/03\/0027-CenasAdivina-Alicante-1-768x512.jpg 768w, https:\/\/portalseis.com\/wp-content\/uploads\/2025\/03\/0027-CenasAdivina-Alicante-1-1536x1024.jpg 1536w, https:\/\/portalseis.com\/wp-content\/uploads\/2025\/03\/0027-CenasAdivina-Alicante-1-2048x1365.jpg 2048w\" sizes=\"auto, (max-width: 1024px) 100vw, 1024px\" \/><\/figure>\n\n\n\n<figure class=\"wp-block-gallery has-nested-images columns-default is-cropped wp-block-gallery-1 is-layout-flex wp-block-gallery-is-layout-flex\">\n<figure class=\"wp-block-image size-large\"><img loading=\"lazy\" decoding=\"async\" width=\"1024\" height=\"683\" data-id=\"6939\" src=\"http:\/\/portalseis.com\/wp-content\/uploads\/2025\/03\/0005-CenasAdivina-Alicante-1024x683.jpg\" alt=\"\" class=\"wp-image-6939\" srcset=\"https:\/\/portalseis.com\/wp-content\/uploads\/2025\/03\/0005-CenasAdivina-Alicante-1024x683.jpg 1024w, https:\/\/portalseis.com\/wp-content\/uploads\/2025\/03\/0005-CenasAdivina-Alicante-300x200.jpg 300w, https:\/\/portalseis.com\/wp-content\/uploads\/2025\/03\/0005-CenasAdivina-Alicante-768x512.jpg 768w, https:\/\/portalseis.com\/wp-content\/uploads\/2025\/03\/0005-CenasAdivina-Alicante-1536x1024.jpg 1536w, https:\/\/portalseis.com\/wp-content\/uploads\/2025\/03\/0005-CenasAdivina-Alicante-2048x1365.jpg 2048w\" sizes=\"auto, (max-width: 1024px) 100vw, 1024px\" \/><\/figure>\n\n\n\n<figure class=\"wp-block-image size-large\"><img loading=\"lazy\" decoding=\"async\" width=\"683\" height=\"1024\" data-id=\"6937\" src=\"http:\/\/portalseis.com\/wp-content\/uploads\/2025\/03\/0037-CenasAdivina-Alicante-683x1024.jpg\" alt=\"\" class=\"wp-image-6937\" srcset=\"https:\/\/portalseis.com\/wp-content\/uploads\/2025\/03\/0037-CenasAdivina-Alicante-683x1024.jpg 683w, https:\/\/portalseis.com\/wp-content\/uploads\/2025\/03\/0037-CenasAdivina-Alicante-200x300.jpg 200w, https:\/\/portalseis.com\/wp-content\/uploads\/2025\/03\/0037-CenasAdivina-Alicante-768x1152.jpg 768w, https:\/\/portalseis.com\/wp-content\/uploads\/2025\/03\/0037-CenasAdivina-Alicante-1024x1536.jpg 1024w, https:\/\/portalseis.com\/wp-content\/uploads\/2025\/03\/0037-CenasAdivina-Alicante-1365x2048.jpg 1365w, https:\/\/portalseis.com\/wp-content\/uploads\/2025\/03\/0037-CenasAdivina-Alicante-scaled.jpg 1707w\" sizes=\"auto, (max-width: 683px) 100vw, 683px\" \/><\/figure>\n\n\n\n<figure class=\"wp-block-image size-large\"><img loading=\"lazy\" decoding=\"async\" width=\"1024\" height=\"683\" data-id=\"6931\" src=\"http:\/\/portalseis.com\/wp-content\/uploads\/2025\/03\/0016-CenasAdivina-Alicante-1024x683.jpg\" alt=\"\" class=\"wp-image-6931\" srcset=\"https:\/\/portalseis.com\/wp-content\/uploads\/2025\/03\/0016-CenasAdivina-Alicante-1024x683.jpg 1024w, https:\/\/portalseis.com\/wp-content\/uploads\/2025\/03\/0016-CenasAdivina-Alicante-300x200.jpg 300w, https:\/\/portalseis.com\/wp-content\/uploads\/2025\/03\/0016-CenasAdivina-Alicante-768x512.jpg 768w, https:\/\/portalseis.com\/wp-content\/uploads\/2025\/03\/0016-CenasAdivina-Alicante-1536x1024.jpg 1536w, https:\/\/portalseis.com\/wp-content\/uploads\/2025\/03\/0016-CenasAdivina-Alicante-2048x1365.jpg 2048w\" sizes=\"auto, (max-width: 1024px) 100vw, 1024px\" \/><\/figure>\n\n\n\n<figure class=\"wp-block-image size-large\"><img loading=\"lazy\" decoding=\"async\" width=\"683\" height=\"1024\" data-id=\"6936\" src=\"http:\/\/portalseis.com\/wp-content\/uploads\/2025\/03\/0008-CenasAdivina-Alicante-683x1024.jpg\" alt=\"\" class=\"wp-image-6936\" srcset=\"https:\/\/portalseis.com\/wp-content\/uploads\/2025\/03\/0008-CenasAdivina-Alicante-683x1024.jpg 683w, https:\/\/portalseis.com\/wp-content\/uploads\/2025\/03\/0008-CenasAdivina-Alicante-200x300.jpg 200w, https:\/\/portalseis.com\/wp-content\/uploads\/2025\/03\/0008-CenasAdivina-Alicante-768x1152.jpg 768w, https:\/\/portalseis.com\/wp-content\/uploads\/2025\/03\/0008-CenasAdivina-Alicante-1024x1536.jpg 1024w, https:\/\/portalseis.com\/wp-content\/uploads\/2025\/03\/0008-CenasAdivina-Alicante-1365x2048.jpg 1365w, https:\/\/portalseis.com\/wp-content\/uploads\/2025\/03\/0008-CenasAdivina-Alicante-scaled.jpg 1707w\" sizes=\"auto, (max-width: 683px) 100vw, 683px\" \/><\/figure>\n\n\n\n<figure class=\"wp-block-image size-large\"><img loading=\"lazy\" decoding=\"async\" width=\"768\" height=\"1024\" data-id=\"6935\" src=\"http:\/\/portalseis.com\/wp-content\/uploads\/2025\/03\/IMG20250225094640-768x1024.jpg\" alt=\"\" class=\"wp-image-6935\" srcset=\"https:\/\/portalseis.com\/wp-content\/uploads\/2025\/03\/IMG20250225094640-768x1024.jpg 768w, https:\/\/portalseis.com\/wp-content\/uploads\/2025\/03\/IMG20250225094640-225x300.jpg 225w, https:\/\/portalseis.com\/wp-content\/uploads\/2025\/03\/IMG20250225094640-1152x1536.jpg 1152w, https:\/\/portalseis.com\/wp-content\/uploads\/2025\/03\/IMG20250225094640-1536x2048.jpg 1536w, https:\/\/portalseis.com\/wp-content\/uploads\/2025\/03\/IMG20250225094640-scaled.jpg 1920w\" sizes=\"auto, (max-width: 768px) 100vw, 768px\" \/><\/figure>\n\n\n\n<figure class=\"wp-block-image size-large\"><img loading=\"lazy\" decoding=\"async\" width=\"683\" height=\"1024\" data-id=\"6933\" src=\"http:\/\/portalseis.com\/wp-content\/uploads\/2025\/03\/0024-CenasAdivina-Alicante-683x1024.jpg\" alt=\"\" class=\"wp-image-6933\" srcset=\"https:\/\/portalseis.com\/wp-content\/uploads\/2025\/03\/0024-CenasAdivina-Alicante-683x1024.jpg 683w, https:\/\/portalseis.com\/wp-content\/uploads\/2025\/03\/0024-CenasAdivina-Alicante-200x300.jpg 200w, https:\/\/portalseis.com\/wp-content\/uploads\/2025\/03\/0024-CenasAdivina-Alicante-768x1152.jpg 768w, https:\/\/portalseis.com\/wp-content\/uploads\/2025\/03\/0024-CenasAdivina-Alicante-1024x1536.jpg 1024w, https:\/\/portalseis.com\/wp-content\/uploads\/2025\/03\/0024-CenasAdivina-Alicante-1365x2048.jpg 1365w, https:\/\/portalseis.com\/wp-content\/uploads\/2025\/03\/0024-CenasAdivina-Alicante-scaled.jpg 1707w\" sizes=\"auto, (max-width: 683px) 100vw, 683px\" \/><\/figure>\n\n\n\n<figure class=\"wp-block-image size-large\"><img loading=\"lazy\" decoding=\"async\" width=\"1024\" height=\"683\" data-id=\"6932\" src=\"http:\/\/portalseis.com\/wp-content\/uploads\/2025\/03\/0023-CenasAdivina-Alicante-1024x683.jpg\" alt=\"\" class=\"wp-image-6932\" srcset=\"https:\/\/portalseis.com\/wp-content\/uploads\/2025\/03\/0023-CenasAdivina-Alicante-1024x683.jpg 1024w, https:\/\/portalseis.com\/wp-content\/uploads\/2025\/03\/0023-CenasAdivina-Alicante-300x200.jpg 300w, https:\/\/portalseis.com\/wp-content\/uploads\/2025\/03\/0023-CenasAdivina-Alicante-768x512.jpg 768w, https:\/\/portalseis.com\/wp-content\/uploads\/2025\/03\/0023-CenasAdivina-Alicante-1536x1024.jpg 1536w, https:\/\/portalseis.com\/wp-content\/uploads\/2025\/03\/0023-CenasAdivina-Alicante-2048x1365.jpg 2048w\" sizes=\"auto, (max-width: 1024px) 100vw, 1024px\" \/><\/figure>\n\n\n\n<figure class=\"wp-block-image size-large\"><img loading=\"lazy\" decoding=\"async\" width=\"682\" height=\"1024\" data-id=\"6938\" src=\"http:\/\/portalseis.com\/wp-content\/uploads\/2025\/03\/0053-CenasAdivina-Alicante-682x1024.jpg\" alt=\"\" class=\"wp-image-6938\" srcset=\"https:\/\/portalseis.com\/wp-content\/uploads\/2025\/03\/0053-CenasAdivina-Alicante-682x1024.jpg 682w, https:\/\/portalseis.com\/wp-content\/uploads\/2025\/03\/0053-CenasAdivina-Alicante-200x300.jpg 200w, https:\/\/portalseis.com\/wp-content\/uploads\/2025\/03\/0053-CenasAdivina-Alicante-768x1152.jpg 768w, https:\/\/portalseis.com\/wp-content\/uploads\/2025\/03\/0053-CenasAdivina-Alicante-1024x1536.jpg 1024w, https:\/\/portalseis.com\/wp-content\/uploads\/2025\/03\/0053-CenasAdivina-Alicante-1365x2048.jpg 1365w, https:\/\/portalseis.com\/wp-content\/uploads\/2025\/03\/0053-CenasAdivina-Alicante-scaled.jpg 1706w\" sizes=\"auto, (max-width: 682px) 100vw, 682px\" \/><\/figure>\n<\/figure>\n\n\n\n<p>Equipo portalSeis:<br>&#8211; Coordinaci\u00f3n y soporte t\u00e9cnico.<br>&#8211; Fotograf\u00eda.<br>&#8211; Dise\u00f1o floral.<\/p>\n\n\n\n<p><\/p>\n","protected":false},"excerpt":{"rendered":"<p>Colaboraci\u00f3n con Cenas Adivina para Germaine de Capuccini. Equipo portalSeis:&#8211; Coordinaci\u00f3n y soporte t\u00e9cnico.&#8211; Fotograf\u00eda.&#8211; Dise\u00f1o floral.<\/p>\n","protected":false},"author":1,"featured_media":0,"parent":0,"menu_order":0,"comment_status":"closed","ping_status":"closed","template":"","meta":{"footnotes":""},"class_list":["post-6929","page","type-page","status-publish","hentry"],"yoast_head":"<!-- This site is optimized with the Yoast SEO plugin v18.0 - https:\/\/yoast.com\/wordpress\/plugins\/seo\/ -->\n<meta name=\"robots\" content=\"index, follow, max-snippet:-1, max-image-preview:large, max-video-preview:-1\" \/>\n<link rel=\"canonical\" href=\"http:\/\/portalseis.com\/index.php\/cenas-adivina\/\" \/>\n<meta property=\"og:locale\" content=\"es_ES\" \/>\n<meta property=\"og:type\" content=\"article\" \/>\n<meta property=\"og:title\" content=\"Cenas Adivina - portalSeis.Co\" \/>\n<meta property=\"og:description\" content=\"Colaboraci\u00f3n con Cenas Adivina para Germaine de Capuccini. Equipo portalSeis:&#8211; Coordinaci\u00f3n y soporte t\u00e9cnico.&#8211; Fotograf\u00eda.&#8211; Dise\u00f1o floral.\" \/>\n<meta property=\"og:url\" content=\"http:\/\/portalseis.com\/index.php\/cenas-adivina\/\" \/>\n<meta property=\"og:site_name\" content=\"portalSeis.Co\" \/>\n<meta property=\"article:publisher\" content=\"https:\/\/www.facebook.com\/portalSeisCoworking\/\" \/>\n<meta property=\"article:modified_time\" content=\"2025-08-19T07:35:51+00:00\" \/>\n<meta property=\"og:image\" content=\"http:\/\/portalseis.com\/wp-content\/uploads\/2025\/03\/0027-CenasAdivina-Alicante-1-1024x683.jpg\" \/>\n<meta name=\"twitter:card\" content=\"summary\" \/>\n<script type=\"application\/ld+json\" class=\"yoast-schema-graph\">{\"@context\":\"https:\/\/schema.org\",\"@graph\":[{\"@type\":\"Organization\",\"@id\":\"https:\/\/portalseis.com\/#organization\",\"name\":\"portaseis coworking alicante\",\"url\":\"https:\/\/portalseis.com\/\",\"sameAs\":[\"https:\/\/www.facebook.com\/portalSeisCoworking\/\",\"https:\/\/www.instagram.com\/portalSeisCoworking\/\"],\"logo\":{\"@type\":\"ImageObject\",\"@id\":\"https:\/\/portalseis.com\/#logo\",\"inLanguage\":\"es\",\"url\":\"http:\/\/portalseis.com\/wp-content\/uploads\/2017\/10\/LOGO_para-perfil.jpg\",\"contentUrl\":\"http:\/\/portalseis.com\/wp-content\/uploads\/2017\/10\/LOGO_para-perfil.jpg\",\"width\":650,\"height\":650,\"caption\":\"portaseis coworking alicante\"},\"image\":{\"@id\":\"https:\/\/portalseis.com\/#logo\"}},{\"@type\":\"WebSite\",\"@id\":\"https:\/\/portalseis.com\/#website\",\"url\":\"https:\/\/portalseis.com\/\",\"name\":\"portalSeis.Co\",\"description\":\"Creadores de proyectos \u00b7 Inspiring minds\",\"publisher\":{\"@id\":\"https:\/\/portalseis.com\/#organization\"},\"potentialAction\":[{\"@type\":\"SearchAction\",\"target\":{\"@type\":\"EntryPoint\",\"urlTemplate\":\"https:\/\/portalseis.com\/?s={search_term_string}\"},\"query-input\":\"required name=search_term_string\"}],\"inLanguage\":\"es\"},{\"@type\":\"ImageObject\",\"@id\":\"http:\/\/portalseis.com\/index.php\/cenas-adivina\/#primaryimage\",\"inLanguage\":\"es\",\"url\":\"http:\/\/portalseis.com\/wp-content\/uploads\/2025\/03\/0027-CenasAdivina-Alicante-1-1024x683.jpg\",\"contentUrl\":\"http:\/\/portalseis.com\/wp-content\/uploads\/2025\/03\/0027-CenasAdivina-Alicante-1-1024x683.jpg\"},{\"@type\":\"WebPage\",\"@id\":\"http:\/\/portalseis.com\/index.php\/cenas-adivina\/#webpage\",\"url\":\"http:\/\/portalseis.com\/index.php\/cenas-adivina\/\",\"name\":\"Cenas Adivina - portalSeis.Co\",\"isPartOf\":{\"@id\":\"https:\/\/portalseis.com\/#website\"},\"primaryImageOfPage\":{\"@id\":\"http:\/\/portalseis.com\/index.php\/cenas-adivina\/#primaryimage\"},\"datePublished\":\"2025-03-31T18:58:51+00:00\",\"dateModified\":\"2025-08-19T07:35:51+00:00\",\"breadcrumb\":{\"@id\":\"http:\/\/portalseis.com\/index.php\/cenas-adivina\/#breadcrumb\"},\"inLanguage\":\"es\",\"potentialAction\":[{\"@type\":\"ReadAction\",\"target\":[\"http:\/\/portalseis.com\/index.php\/cenas-adivina\/\"]}]},{\"@type\":\"BreadcrumbList\",\"@id\":\"http:\/\/portalseis.com\/index.php\/cenas-adivina\/#breadcrumb\",\"itemListElement\":[{\"@type\":\"ListItem\",\"position\":1,\"name\":\"Portada\",\"item\":\"https:\/\/portalseis.com\/\"},{\"@type\":\"ListItem\",\"position\":2,\"name\":\"Cenas Adivina\"}]}]}<\/script>\n<!-- \/ Yoast SEO plugin. -->","yoast_head_json":{"robots":{"index":"index","follow":"follow","max-snippet":"max-snippet:-1","max-image-preview":"max-image-preview:large","max-video-preview":"max-video-preview:-1"},"canonical":"http:\/\/portalseis.com\/index.php\/cenas-adivina\/","og_locale":"es_ES","og_type":"article","og_title":"Cenas Adivina - portalSeis.Co","og_description":"Colaboraci\u00f3n con Cenas Adivina para Germaine de Capuccini. Equipo portalSeis:&#8211; Coordinaci\u00f3n y soporte t\u00e9cnico.&#8211; Fotograf\u00eda.&#8211; Dise\u00f1o floral.","og_url":"http:\/\/portalseis.com\/index.php\/cenas-adivina\/","og_site_name":"portalSeis.Co","article_publisher":"https:\/\/www.facebook.com\/portalSeisCoworking\/","article_modified_time":"2025-08-19T07:35:51+00:00","og_image":[{"url":"http:\/\/portalseis.com\/wp-content\/uploads\/2025\/03\/0027-CenasAdivina-Alicante-1-1024x683.jpg"}],"twitter_card":"summary","schema":{"@context":"https:\/\/schema.org","@graph":[{"@type":"Organization","@id":"https:\/\/portalseis.com\/#organization","name":"portaseis coworking alicante","url":"https:\/\/portalseis.com\/","sameAs":["https:\/\/www.facebook.com\/portalSeisCoworking\/","https:\/\/www.instagram.com\/portalSeisCoworking\/"],"logo":{"@type":"ImageObject","@id":"https:\/\/portalseis.com\/#logo","inLanguage":"es","url":"http:\/\/portalseis.com\/wp-content\/uploads\/2017\/10\/LOGO_para-perfil.jpg","contentUrl":"http:\/\/portalseis.com\/wp-content\/uploads\/2017\/10\/LOGO_para-perfil.jpg","width":650,"height":650,"caption":"portaseis coworking alicante"},"image":{"@id":"https:\/\/portalseis.com\/#logo"}},{"@type":"WebSite","@id":"https:\/\/portalseis.com\/#website","url":"https:\/\/portalseis.com\/","name":"portalSeis.Co","description":"Creadores de proyectos \u00b7 Inspiring minds","publisher":{"@id":"https:\/\/portalseis.com\/#organization"},"potentialAction":[{"@type":"SearchAction","target":{"@type":"EntryPoint","urlTemplate":"https:\/\/portalseis.com\/?s={search_term_string}"},"query-input":"required name=search_term_string"}],"inLanguage":"es"},{"@type":"ImageObject","@id":"http:\/\/portalseis.com\/index.php\/cenas-adivina\/#primaryimage","inLanguage":"es","url":"http:\/\/portalseis.com\/wp-content\/uploads\/2025\/03\/0027-CenasAdivina-Alicante-1-1024x683.jpg","contentUrl":"http:\/\/portalseis.com\/wp-content\/uploads\/2025\/03\/0027-CenasAdivina-Alicante-1-1024x683.jpg"},{"@type":"WebPage","@id":"http:\/\/portalseis.com\/index.php\/cenas-adivina\/#webpage","url":"http:\/\/portalseis.com\/index.php\/cenas-adivina\/","name":"Cenas Adivina - portalSeis.Co","isPartOf":{"@id":"https:\/\/portalseis.com\/#website"},"primaryImageOfPage":{"@id":"http:\/\/portalseis.com\/index.php\/cenas-adivina\/#primaryimage"},"datePublished":"2025-03-31T18:58:51+00:00","dateModified":"2025-08-19T07:35:51+00:00","breadcrumb":{"@id":"http:\/\/portalseis.com\/index.php\/cenas-adivina\/#breadcrumb"},"inLanguage":"es","potentialAction":[{"@type":"ReadAction","target":["http:\/\/portalseis.com\/index.php\/cenas-adivina\/"]}]},{"@type":"BreadcrumbList","@id":"http:\/\/portalseis.com\/index.php\/cenas-adivina\/#breadcrumb","itemListElement":[{"@type":"ListItem","position":1,"name":"Portada","item":"https:\/\/portalseis.com\/"},{"@type":"ListItem","position":2,"name":"Cenas Adivina"}]}]}},"_links":{"self":[{"href":"https:\/\/portalseis.com\/index.php\/wp-json\/wp\/v2\/pages\/6929","targetHints":{"allow":["GET"]}}],"collection":[{"href":"https:\/\/portalseis.com\/index.php\/wp-json\/wp\/v2\/pages"}],"about":[{"href":"https:\/\/portalseis.com\/index.php\/wp-json\/wp\/v2\/types\/page"}],"author":[{"embeddable":true,"href":"https:\/\/portalseis.com\/index.php\/wp-json\/wp\/v2\/users\/1"}],"replies":[{"embeddable":true,"href":"https:\/\/portalseis.com\/index.php\/wp-json\/wp\/v2\/comments?post=6929"}],"version-history":[{"count":6,"href":"https:\/\/portalseis.com\/index.php\/wp-json\/wp\/v2\/pages\/6929\/revisions"}],"predecessor-version":[{"id":7004,"href":"https:\/\/portalseis.com\/index.php\/wp-json\/wp\/v2\/pages\/6929\/revisions\/7004"}],"wp:attachment":[{"href":"https:\/\/portalseis.com\/index.php\/wp-json\/wp\/v2\/media?parent=6929"}],"curies":[{"name":"wp","href":"https:\/\/api.w.org\/{rel}","templated":true}]}}